{"id":506,"date":"2023-02-02T14:44:51","date_gmt":"2023-02-02T14:44:51","guid":{"rendered":"http:\/\/10.158.251.49\/?page_id=506"},"modified":"2025-05-16T14:06:33","modified_gmt":"2025-05-16T14:06:33","slug":"uso-specie-aliene-in-acquacoltura","status":"publish","type":"page","link":"https:\/\/www.registro-asa.it\/?page_id=506","title":{"rendered":"Uso specie aliene in acquacoltura"},"content":{"rendered":"<p>[et_pb_section fb_built=&#8221;1&#8243; _builder_version=&#8221;4.17.3&#8243; _module_preset=&#8221;default&#8221; global_colors_info=&#8221;{}&#8221;][et_pb_row _builder_version=&#8221;4.17.3&#8243; _module_preset=&#8221;default&#8221; global_colors_info=&#8221;{}&#8221;][et_pb_column type=&#8221;4_4&#8243; _builder_version=&#8221;4.17.3&#8243; _module_preset=&#8221;default&#8221; global_colors_info=&#8221;{}&#8221;][et_pb_text _builder_version=&#8221;4.17.3&#8243; _module_preset=&#8221;default&#8221; hover_enabled=&#8221;0&#8243; global_colors_info=&#8221;{}&#8221; sticky_enabled=&#8221;0&#8243;]<\/p>\n<h1 id=\"parent-fieldname-title\" class=\"documentFirstHeading\">Uso specie aliene in acquacoltura<\/h1>\n<div id=\"content-core\">\n<div class=\"\" id=\"parent-fieldname-text-37abfdca16c14af09da0f38eaaab2038\">\n<p>Con l\u2019adozione dei Regolamenti (CE) n. 708\/2007, 506\/2008,535\/2008 e del Regolamento (UE) n. 304\/2011 il Consiglio dell\u2019Unione Europea ha istituito un quadro normativo volto a disciplinare l\u2019impiego in acquacoltura di specie esotiche e di specie localmente assenti.<\/p>\n<p><span>L\u2019uso di specie esotiche in acquacoltura \u00e8 un importante mezzo di diversificazione delle produzioni, ma al tempo stesso\u00a0 pu\u00f2 rappresentare un importante veicolo di introduzione involontaria di specie acquatiche invasive e di organismi associati.<\/span><\/p>\n<p><span>Le specie esotiche invasive sono state individuate dalla Comunit\u00e0 Internazionale come una delle principali cause di perdita di biodiversit\u00e0. La Convenzione sulla Diversit\u00e0 Biologica (CBD) del 1992 prevede all\u2019articolo 8 che ogni Stato membro, per quanto possibile e appropriato, \u00e8 tenuto a vietare l\u2019introduzione di specie alloctone e di controllare o eradicare tali specie quando introdotte. La Comunit\u00e0 Europea, quale parte contraente della CBD, ha adottato i Regolamenti (CE) n. 708\/2007, 506\/2008 e 535\/2008 e il Regolamento n. 304\/2011 per prevenire e controllare le introduzioni di specie esotiche e specie associate in acquacoltura, impedirne la diffusione e favorire l\u2019eradicazione.<\/span><\/p>\n<p><span>L\u2019articolo 5 del Regolamento (CE) 708\/2007 prevede la designazione di una Autorit\u00e0 competente o responsabile per ogni Stato membro e la costituzione di un \u201cComitato Consultivo\u201d di esperti per assistere l\u2019Autorit\u00e0 competente nel percorso di autorizzazione all\u2019introduzione di specie esotiche e la traslocazione di specie localmente assenti.<\/span><\/p>\n<p><span>In Italia, l\u2019Autorit\u00e0 competente \u00e8 il Ministero dell\u2019agricoltura, della sovranit\u00e0 alimentare e delle foreste (Masaf), Dipartimento delle politiche competitive, della qualit\u00e0 agroalimentare, della pesca e dell&#8217;ippica, che con il D.M. n. 0148431 del 01\/04\/2025 ha nominato un Comitato Consultivo di esperti e ha affidato all\u2019Istituto Superiore per la Protezione e Ricerca ambientale (ISPRA) la Segreteria Tecnica di supporto alle attivit\u00e0 del Comitato Consultivo e la realizzazione di un registro delle specie esotiche e localmente assenti ai sensi del regolamento (CE) n. 708\/2007 e del regolamento (CE) n. 535\/2008.<\/span><\/p>\n<\/div>\n<\/div>\n<p>[\/et_pb_text][\/et_pb_column][\/et_pb_row][\/et_pb_section]<\/p>\n","protected":false},"excerpt":{"rendered":"<p>Uso specie aliene in acquacoltura Con l\u2019adozione dei Regolamenti (CE) n. 708\/2007, 506\/2008,535\/2008 e del Regolamento (UE) n. 304\/2011 il Consiglio dell\u2019Unione Europea ha istituito un quadro normativo volto a disciplinare l\u2019impiego in acquacoltura di specie esotiche e di specie localmente assenti. L\u2019uso di specie esotiche in acquacoltura \u00e8 un importante mezzo di diversificazione delle [&hellip;]<\/p>\n","protected":false},"author":2,"featured_media":0,"parent":0,"menu_order":0,"comment_status":"closed","ping_status":"closed","template":"","meta":{"_et_pb_use_builder":"on","_et_pb_old_content":"","_et_gb_content_width":"","footnotes":""},"class_list":["post-506","page","type-page","status-publish","hentry"],"yoast_head":"<!-- This site is optimized with the Yoast SEO plugin v26.4 - https:\/\/yoast.com\/wordpress\/plugins\/seo\/ -->\n<title>Uso specie aliene in acquacoltura - Registro ASA<\/title>\n<meta name=\"robots\" content=\"index, follow, max-snippet:-1, max-image-preview:large, max-video-preview:-1\" \/>\n<link rel=\"canonical\" href=\"https:\/\/www.registro-asa.it\/?page_id=506\" \/>\n<meta property=\"og:locale\" content=\"en_US\" \/>\n<meta property=\"og:type\" content=\"article\" \/>\n<meta property=\"og:title\" content=\"Uso specie aliene in acquacoltura - Registro ASA\" \/>\n<meta property=\"og:description\" content=\"Uso specie aliene in acquacoltura Con l\u2019adozione dei Regolamenti (CE) n. 708\/2007, 506\/2008,535\/2008 e del Regolamento (UE) n. 304\/2011 il Consiglio dell\u2019Unione Europea ha istituito un quadro normativo volto a disciplinare l\u2019impiego in acquacoltura di specie esotiche e di specie localmente assenti. L\u2019uso di specie esotiche in acquacoltura \u00e8 un importante mezzo di diversificazione delle [&hellip;]\" \/>\n<meta property=\"og:url\" content=\"https:\/\/www.registro-asa.it\/?page_id=506\" \/>\n<meta property=\"og:site_name\" content=\"Registro ASA\" \/>\n<meta property=\"article:modified_time\" content=\"2025-05-16T14:06:33+00:00\" \/>\n<meta name=\"twitter:card\" content=\"summary_large_image\" \/>\n<meta name=\"twitter:label1\" content=\"Est. reading time\" \/>\n\t<meta name=\"twitter:data1\" content=\"2 minutes\" \/>\n<script type=\"application\/ld+json\" class=\"yoast-schema-graph\">{\"@context\":\"https:\/\/schema.org\",\"@graph\":[{\"@type\":\"WebPage\",\"@id\":\"https:\/\/www.registro-asa.it\/?page_id=506\",\"url\":\"https:\/\/www.registro-asa.it\/?page_id=506\",\"name\":\"Uso specie aliene in acquacoltura - Registro ASA\",\"isPartOf\":{\"@id\":\"http:\/\/www.registro-asa.it\/#website\"},\"datePublished\":\"2023-02-02T14:44:51+00:00\",\"dateModified\":\"2025-05-16T14:06:33+00:00\",\"breadcrumb\":{\"@id\":\"https:\/\/www.registro-asa.it\/?page_id=506#breadcrumb\"},\"inLanguage\":\"en-US\",\"potentialAction\":[{\"@type\":\"ReadAction\",\"target\":[\"https:\/\/www.registro-asa.it\/?page_id=506\"]}]},{\"@type\":\"BreadcrumbList\",\"@id\":\"https:\/\/www.registro-asa.it\/?page_id=506#breadcrumb\",\"itemListElement\":[{\"@type\":\"ListItem\",\"position\":1,\"name\":\"Home\",\"item\":\"http:\/\/www.registro-asa.it\/\"},{\"@type\":\"ListItem\",\"position\":2,\"name\":\"Uso specie aliene in acquacoltura\"}]},{\"@type\":\"WebSite\",\"@id\":\"http:\/\/www.registro-asa.it\/#website\",\"url\":\"http:\/\/www.registro-asa.it\/\",\"name\":\"Registro ASA\",\"description\":\"Registro Acquacoltura delle specie aliene\",\"publisher\":{\"@id\":\"http:\/\/www.registro-asa.it\/#organization\"},\"potentialAction\":[{\"@type\":\"SearchAction\",\"target\":{\"@type\":\"EntryPoint\",\"urlTemplate\":\"http:\/\/www.registro-asa.it\/?s={search_term_string}\"},\"query-input\":{\"@type\":\"PropertyValueSpecification\",\"valueRequired\":true,\"valueName\":\"search_term_string\"}}],\"inLanguage\":\"en-US\"},{\"@type\":\"Organization\",\"@id\":\"http:\/\/www.registro-asa.it\/#organization\",\"name\":\"Registro ASA\",\"url\":\"http:\/\/www.registro-asa.it\/\",\"logo\":{\"@type\":\"ImageObject\",\"inLanguage\":\"en-US\",\"@id\":\"http:\/\/www.registro-asa.it\/#\/schema\/logo\/image\/\",\"url\":\"https:\/\/www.registro-asa.it\/wp-content\/uploads\/2023\/01\/Marchio-ISPRA_SNPA_RGB-1.png\",\"contentUrl\":\"https:\/\/www.registro-asa.it\/wp-content\/uploads\/2023\/01\/Marchio-ISPRA_SNPA_RGB-1.png\",\"width\":348,\"height\":85,\"caption\":\"Registro ASA\"},\"image\":{\"@id\":\"http:\/\/www.registro-asa.it\/#\/schema\/logo\/image\/\"}}]}<\/script>\n<!-- \/ Yoast SEO plugin. -->","yoast_head_json":{"title":"Uso specie aliene in acquacoltura - Registro ASA","robots":{"index":"index","follow":"follow","max-snippet":"max-snippet:-1","max-image-preview":"max-image-preview:large","max-video-preview":"max-video-preview:-1"},"canonical":"https:\/\/www.registro-asa.it\/?page_id=506","og_locale":"en_US","og_type":"article","og_title":"Uso specie aliene in acquacoltura - Registro ASA","og_description":"Uso specie aliene in acquacoltura Con l\u2019adozione dei Regolamenti (CE) n. 708\/2007, 506\/2008,535\/2008 e del Regolamento (UE) n. 304\/2011 il Consiglio dell\u2019Unione Europea ha istituito un quadro normativo volto a disciplinare l\u2019impiego in acquacoltura di specie esotiche e di specie localmente assenti. L\u2019uso di specie esotiche in acquacoltura \u00e8 un importante mezzo di diversificazione delle [&hellip;]","og_url":"https:\/\/www.registro-asa.it\/?page_id=506","og_site_name":"Registro ASA","article_modified_time":"2025-05-16T14:06:33+00:00","twitter_card":"summary_large_image","twitter_misc":{"Est. reading time":"2 minutes"},"schema":{"@context":"https:\/\/schema.org","@graph":[{"@type":"WebPage","@id":"https:\/\/www.registro-asa.it\/?page_id=506","url":"https:\/\/www.registro-asa.it\/?page_id=506","name":"Uso specie aliene in acquacoltura - Registro ASA","isPartOf":{"@id":"http:\/\/www.registro-asa.it\/#website"},"datePublished":"2023-02-02T14:44:51+00:00","dateModified":"2025-05-16T14:06:33+00:00","breadcrumb":{"@id":"https:\/\/www.registro-asa.it\/?page_id=506#breadcrumb"},"inLanguage":"en-US","potentialAction":[{"@type":"ReadAction","target":["https:\/\/www.registro-asa.it\/?page_id=506"]}]},{"@type":"BreadcrumbList","@id":"https:\/\/www.registro-asa.it\/?page_id=506#breadcrumb","itemListElement":[{"@type":"ListItem","position":1,"name":"Home","item":"http:\/\/www.registro-asa.it\/"},{"@type":"ListItem","position":2,"name":"Uso specie aliene in acquacoltura"}]},{"@type":"WebSite","@id":"http:\/\/www.registro-asa.it\/#website","url":"http:\/\/www.registro-asa.it\/","name":"Registro ASA","description":"Registro Acquacoltura delle specie aliene","publisher":{"@id":"http:\/\/www.registro-asa.it\/#organization"},"potentialAction":[{"@type":"SearchAction","target":{"@type":"EntryPoint","urlTemplate":"http:\/\/www.registro-asa.it\/?s={search_term_string}"},"query-input":{"@type":"PropertyValueSpecification","valueRequired":true,"valueName":"search_term_string"}}],"inLanguage":"en-US"},{"@type":"Organization","@id":"http:\/\/www.registro-asa.it\/#organization","name":"Registro ASA","url":"http:\/\/www.registro-asa.it\/","logo":{"@type":"ImageObject","inLanguage":"en-US","@id":"http:\/\/www.registro-asa.it\/#\/schema\/logo\/image\/","url":"https:\/\/www.registro-asa.it\/wp-content\/uploads\/2023\/01\/Marchio-ISPRA_SNPA_RGB-1.png","contentUrl":"https:\/\/www.registro-asa.it\/wp-content\/uploads\/2023\/01\/Marchio-ISPRA_SNPA_RGB-1.png","width":348,"height":85,"caption":"Registro ASA"},"image":{"@id":"http:\/\/www.registro-asa.it\/#\/schema\/logo\/image\/"}}]}},"_links":{"self":[{"href":"https:\/\/www.registro-asa.it\/index.php?rest_route=\/wp\/v2\/pages\/506","targetHints":{"allow":["GET"]}}],"collection":[{"href":"https:\/\/www.registro-asa.it\/index.php?rest_route=\/wp\/v2\/pages"}],"about":[{"href":"https:\/\/www.registro-asa.it\/index.php?rest_route=\/wp\/v2\/types\/page"}],"author":[{"embeddable":true,"href":"https:\/\/www.registro-asa.it\/index.php?rest_route=\/wp\/v2\/users\/2"}],"replies":[{"embeddable":true,"href":"https:\/\/www.registro-asa.it\/index.php?rest_route=%2Fwp%2Fv2%2Fcomments&post=506"}],"version-history":[{"count":4,"href":"https:\/\/www.registro-asa.it\/index.php?rest_route=\/wp\/v2\/pages\/506\/revisions"}],"predecessor-version":[{"id":795,"href":"https:\/\/www.registro-asa.it\/index.php?rest_route=\/wp\/v2\/pages\/506\/revisions\/795"}],"wp:attachment":[{"href":"https:\/\/www.registro-asa.it\/index.php?rest_route=%2Fwp%2Fv2%2Fmedia&parent=506"}],"curies":[{"name":"wp","href":"https:\/\/api.w.org\/{rel}","templated":true}]}}