{"id":51,"date":"2023-01-19T09:02:53","date_gmt":"2023-01-19T09:02:53","guid":{"rendered":"http:\/\/10.158.251.49\/?page_id=51"},"modified":"2023-04-21T11:16:42","modified_gmt":"2023-04-21T11:16:42","slug":"registro","status":"publish","type":"page","link":"https:\/\/www.registro-asa.it\/?page_id=51","title":{"rendered":"Registro"},"content":{"rendered":"<p>[et_pb_section fb_built=&#8221;1&#8243; _builder_version=&#8221;4.17.3&#8243; _module_preset=&#8221;default&#8221; global_colors_info=&#8221;{}&#8221;][et_pb_row _builder_version=&#8221;4.17.3&#8243; _module_preset=&#8221;default&#8221; global_colors_info=&#8221;{}&#8221;][et_pb_column type=&#8221;4_4&#8243; _builder_version=&#8221;4.17.3&#8243; _module_preset=&#8221;default&#8221; global_colors_info=&#8221;{}&#8221;][et_pb_text _builder_version=&#8221;4.17.3&#8243; _module_preset=&#8221;default&#8221; hover_enabled=&#8221;0&#8243; global_colors_info=&#8221;{}&#8221; sticky_enabled=&#8221;0&#8243;]<\/p>\n<h1 id=\"parent-fieldname-title\" class=\"documentFirstHeading\">Registro Acquacoltura Specie Aliene<\/h1>\n<div id=\"content-core\">\n<div class=\"\" id=\"parent-fieldname-text-37abfdca16c14af09da0f38eaaab2038\">\n<p>Il Ministero dell\u2019agricoltura, della sovranit\u00e0 alimentare e delle foreste (Masaf) \u00e8 l\u2019Autorit\u00e0 competente per l\u2019Italia. Con il D.M. n.0292594 del 30\/06\/2022 il Masaf ha nominato un Comitato consultivo di esperti e ha affidato all\u2019Istituto Superiore per la Protezione e Ricerca ambientale (ISPRA) la Segreteria Tecnica di supporto alle attivit\u00e0 del Comitato Consultivo e la realizzazione di un registro delle specie esotiche e localmente assenti ai sensi del regolamento (CE) n. 708\/2007 e del regolamento (CE) n. 535\/2008.<\/p>\n<p>Il Registro \u00e8 lo strumento attraverso il quale \u00e8 possibile presentare la <strong>richiesta per l\u2019introduzione<\/strong> di specie esotiche e la traslocazione di specie localmente assenti ai fini di acquacoltura.<\/p>\n<p>Di seguito si riportano le istruzioni per effettuare la richiesta di introduzione da parte dell\u2019utente:<\/p>\n<ol>\n<li><strong>Registrazione dell\u2019utente<\/strong> (la registrazione permette di accedere all\u2019archivio personale per caricare la richiesta, il fascicolo tecnico ed eventuale documentazione aggiuntiva allegata alla domanda)<\/li>\n<li><strong>Invio della richiesta di introduzione<\/strong> attraverso i seguenti step:<\/li>\n<\/ol>\n<ul>\n<li>Compilazione della richiesta di introduzione (<a href=\"http:\/\/www.registro-asa.it\/wp-content\/uploads\/Registro\/Richiesta-di-autorizzazione-specie.pdf\" target=\"_blank\" rel=\"noopener\"><strong>scarica qui<\/strong><\/a>) da firmare e inviare in copia cartacea al Ministero dell\u2019agricoltura, della sovranit\u00e0 alimentare e delle foreste (Masaf) tramite raccomandata; lo stesso documento va caricato in formato pdf nell\u2019archivio personale.<\/li>\n<li>Compilazione del fascicolo tecnico (<a href=\"http:\/\/www.registro-asa.it\/wp-content\/uploads\/Registro\/Fascicolo-tecnico.pdf\" target=\"_blank\" rel=\"noopener\"><strong>scarica qui<\/strong><\/a>) con le informazioni richieste; il documento va caricato in formato pdf nell\u2019archivio personale.<\/li>\n<\/ul>\n<p>La richiesta di introduzione corredata della documentazione richiesta \u00e8 esaminata dal Comitato Consultivo il quale verificher\u00e0 l&#8217;ammissibilit\u00e0 della domanda e se il movimento proposto dall&#8217;utente si configura come un &#8220;<strong>movimento routinario<\/strong>&#8221; o un &#8220;<strong>movimento non routinario<\/strong>&#8220;.<\/p>\n<p>1) nel caso di un &#8220;<strong>movimento routinario<\/strong>&#8221; l&#8217;autorit\u00e0 competente pu\u00f2 concedere un&#8217;autorizzazione indicando, se del caso, se il movimento deve essere preceduto da una fase di quarantena o da una fase di rilascio pilota.<\/p>\n<p>2) Nel caso di un &#8220;<strong>movimento non routinario<\/strong>&#8221; deve essere effettuata una valutazione del rischio ambientale<\/p>\n<p>L&#8217;utente, dotato di password, potr\u00e0 accedere all\u2019archivio per verificare la presenza di eventuali notifiche da parte del Comitato Consultivo e caricare\/scaricare documenti.<\/p>\n<p>La decisione di rilasciare o rifiutare una richiesta di introduzione \u00e8 notificata per iscritto al richiedente entro sei mesi dalla data della domanda (Art. 10 Reg. CE 708\/2007). Eventuali informazioni supplementari possono essere richieste dal Comitato consultivo durante la valutazione della domanda di autorizzazione.<\/p>\n<\/div>\n<\/div>\n<p>[\/et_pb_text][\/et_pb_column][\/et_pb_row][\/et_pb_section]<\/p>\n","protected":false},"excerpt":{"rendered":"<p>Registro Acquacoltura Specie Aliene Il Ministero dell\u2019agricoltura, della sovranit\u00e0 alimentare e delle foreste (Masaf) \u00e8 l\u2019Autorit\u00e0 competente per l\u2019Italia. Con il D.M. n.0292594 del 30\/06\/2022 il Masaf ha nominato un Comitato consultivo di esperti e ha affidato all\u2019Istituto Superiore per la Protezione e Ricerca ambientale (ISPRA) la Segreteria Tecnica di supporto alle attivit\u00e0 del Comitato [&hellip;]<\/p>\n","protected":false},"author":1,"featured_media":0,"parent":0,"menu_order":0,"comment_status":"closed","ping_status":"closed","template":"","meta":{"_et_pb_use_builder":"on","_et_pb_old_content":"","_et_gb_content_width":"","footnotes":""},"class_list":["post-51","page","type-page","status-publish","hentry"],"yoast_head":"<!-- This site is optimized with the Yoast SEO plugin v26.4 - https:\/\/yoast.com\/wordpress\/plugins\/seo\/ -->\n<title>Registro - Registro ASA<\/title>\n<meta name=\"robots\" content=\"index, follow, max-snippet:-1, max-image-preview:large, max-video-preview:-1\" \/>\n<link rel=\"canonical\" href=\"https:\/\/www.registro-asa.it\/?page_id=51\" \/>\n<meta property=\"og:locale\" content=\"en_US\" \/>\n<meta property=\"og:type\" content=\"article\" \/>\n<meta property=\"og:title\" content=\"Registro - Registro ASA\" \/>\n<meta property=\"og:description\" content=\"Registro Acquacoltura Specie Aliene Il Ministero dell\u2019agricoltura, della sovranit\u00e0 alimentare e delle foreste (Masaf) \u00e8 l\u2019Autorit\u00e0 competente per l\u2019Italia. Con il D.M. n.0292594 del 30\/06\/2022 il Masaf ha nominato un Comitato consultivo di esperti e ha affidato all\u2019Istituto Superiore per la Protezione e Ricerca ambientale (ISPRA) la Segreteria Tecnica di supporto alle attivit\u00e0 del Comitato [&hellip;]\" \/>\n<meta property=\"og:url\" content=\"https:\/\/www.registro-asa.it\/?page_id=51\" \/>\n<meta property=\"og:site_name\" content=\"Registro ASA\" \/>\n<meta property=\"article:modified_time\" content=\"2023-04-21T11:16:42+00:00\" \/>\n<meta name=\"twitter:card\" content=\"summary_large_image\" \/>\n<meta name=\"twitter:label1\" content=\"Est. reading time\" \/>\n\t<meta name=\"twitter:data1\" content=\"2 minutes\" \/>\n<script type=\"application\/ld+json\" class=\"yoast-schema-graph\">{\"@context\":\"https:\/\/schema.org\",\"@graph\":[{\"@type\":\"WebPage\",\"@id\":\"https:\/\/www.registro-asa.it\/?page_id=51\",\"url\":\"https:\/\/www.registro-asa.it\/?page_id=51\",\"name\":\"Registro - Registro ASA\",\"isPartOf\":{\"@id\":\"http:\/\/www.registro-asa.it\/#website\"},\"datePublished\":\"2023-01-19T09:02:53+00:00\",\"dateModified\":\"2023-04-21T11:16:42+00:00\",\"breadcrumb\":{\"@id\":\"https:\/\/www.registro-asa.it\/?page_id=51#breadcrumb\"},\"inLanguage\":\"en-US\",\"potentialAction\":[{\"@type\":\"ReadAction\",\"target\":[\"https:\/\/www.registro-asa.it\/?page_id=51\"]}]},{\"@type\":\"BreadcrumbList\",\"@id\":\"https:\/\/www.registro-asa.it\/?page_id=51#breadcrumb\",\"itemListElement\":[{\"@type\":\"ListItem\",\"position\":1,\"name\":\"Home\",\"item\":\"http:\/\/www.registro-asa.it\/\"},{\"@type\":\"ListItem\",\"position\":2,\"name\":\"Registro\"}]},{\"@type\":\"WebSite\",\"@id\":\"http:\/\/www.registro-asa.it\/#website\",\"url\":\"http:\/\/www.registro-asa.it\/\",\"name\":\"Registro ASA\",\"description\":\"Registro Acquacoltura delle specie aliene\",\"publisher\":{\"@id\":\"http:\/\/www.registro-asa.it\/#organization\"},\"potentialAction\":[{\"@type\":\"SearchAction\",\"target\":{\"@type\":\"EntryPoint\",\"urlTemplate\":\"http:\/\/www.registro-asa.it\/?s={search_term_string}\"},\"query-input\":{\"@type\":\"PropertyValueSpecification\",\"valueRequired\":true,\"valueName\":\"search_term_string\"}}],\"inLanguage\":\"en-US\"},{\"@type\":\"Organization\",\"@id\":\"http:\/\/www.registro-asa.it\/#organization\",\"name\":\"Registro ASA\",\"url\":\"http:\/\/www.registro-asa.it\/\",\"logo\":{\"@type\":\"ImageObject\",\"inLanguage\":\"en-US\",\"@id\":\"http:\/\/www.registro-asa.it\/#\/schema\/logo\/image\/\",\"url\":\"https:\/\/www.registro-asa.it\/wp-content\/uploads\/2023\/01\/Marchio-ISPRA_SNPA_RGB-1.png\",\"contentUrl\":\"https:\/\/www.registro-asa.it\/wp-content\/uploads\/2023\/01\/Marchio-ISPRA_SNPA_RGB-1.png\",\"width\":348,\"height\":85,\"caption\":\"Registro ASA\"},\"image\":{\"@id\":\"http:\/\/www.registro-asa.it\/#\/schema\/logo\/image\/\"}}]}<\/script>\n<!-- \/ Yoast SEO plugin. -->","yoast_head_json":{"title":"Registro - Registro ASA","robots":{"index":"index","follow":"follow","max-snippet":"max-snippet:-1","max-image-preview":"max-image-preview:large","max-video-preview":"max-video-preview:-1"},"canonical":"https:\/\/www.registro-asa.it\/?page_id=51","og_locale":"en_US","og_type":"article","og_title":"Registro - Registro ASA","og_description":"Registro Acquacoltura Specie Aliene Il Ministero dell\u2019agricoltura, della sovranit\u00e0 alimentare e delle foreste (Masaf) \u00e8 l\u2019Autorit\u00e0 competente per l\u2019Italia. Con il D.M. n.0292594 del 30\/06\/2022 il Masaf ha nominato un Comitato consultivo di esperti e ha affidato all\u2019Istituto Superiore per la Protezione e Ricerca ambientale (ISPRA) la Segreteria Tecnica di supporto alle attivit\u00e0 del Comitato [&hellip;]","og_url":"https:\/\/www.registro-asa.it\/?page_id=51","og_site_name":"Registro ASA","article_modified_time":"2023-04-21T11:16:42+00:00","twitter_card":"summary_large_image","twitter_misc":{"Est. reading time":"2 minutes"},"schema":{"@context":"https:\/\/schema.org","@graph":[{"@type":"WebPage","@id":"https:\/\/www.registro-asa.it\/?page_id=51","url":"https:\/\/www.registro-asa.it\/?page_id=51","name":"Registro - Registro ASA","isPartOf":{"@id":"http:\/\/www.registro-asa.it\/#website"},"datePublished":"2023-01-19T09:02:53+00:00","dateModified":"2023-04-21T11:16:42+00:00","breadcrumb":{"@id":"https:\/\/www.registro-asa.it\/?page_id=51#breadcrumb"},"inLanguage":"en-US","potentialAction":[{"@type":"ReadAction","target":["https:\/\/www.registro-asa.it\/?page_id=51"]}]},{"@type":"BreadcrumbList","@id":"https:\/\/www.registro-asa.it\/?page_id=51#breadcrumb","itemListElement":[{"@type":"ListItem","position":1,"name":"Home","item":"http:\/\/www.registro-asa.it\/"},{"@type":"ListItem","position":2,"name":"Registro"}]},{"@type":"WebSite","@id":"http:\/\/www.registro-asa.it\/#website","url":"http:\/\/www.registro-asa.it\/","name":"Registro ASA","description":"Registro Acquacoltura delle specie aliene","publisher":{"@id":"http:\/\/www.registro-asa.it\/#organization"},"potentialAction":[{"@type":"SearchAction","target":{"@type":"EntryPoint","urlTemplate":"http:\/\/www.registro-asa.it\/?s={search_term_string}"},"query-input":{"@type":"PropertyValueSpecification","valueRequired":true,"valueName":"search_term_string"}}],"inLanguage":"en-US"},{"@type":"Organization","@id":"http:\/\/www.registro-asa.it\/#organization","name":"Registro ASA","url":"http:\/\/www.registro-asa.it\/","logo":{"@type":"ImageObject","inLanguage":"en-US","@id":"http:\/\/www.registro-asa.it\/#\/schema\/logo\/image\/","url":"https:\/\/www.registro-asa.it\/wp-content\/uploads\/2023\/01\/Marchio-ISPRA_SNPA_RGB-1.png","contentUrl":"https:\/\/www.registro-asa.it\/wp-content\/uploads\/2023\/01\/Marchio-ISPRA_SNPA_RGB-1.png","width":348,"height":85,"caption":"Registro ASA"},"image":{"@id":"http:\/\/www.registro-asa.it\/#\/schema\/logo\/image\/"}}]}},"_links":{"self":[{"href":"https:\/\/www.registro-asa.it\/index.php?rest_route=\/wp\/v2\/pages\/51","targetHints":{"allow":["GET"]}}],"collection":[{"href":"https:\/\/www.registro-asa.it\/index.php?rest_route=\/wp\/v2\/pages"}],"about":[{"href":"https:\/\/www.registro-asa.it\/index.php?rest_route=\/wp\/v2\/types\/page"}],"author":[{"embeddable":true,"href":"https:\/\/www.registro-asa.it\/index.php?rest_route=\/wp\/v2\/users\/1"}],"replies":[{"embeddable":true,"href":"https:\/\/www.registro-asa.it\/index.php?rest_route=%2Fwp%2Fv2%2Fcomments&post=51"}],"version-history":[{"count":11,"href":"https:\/\/www.registro-asa.it\/index.php?rest_route=\/wp\/v2\/pages\/51\/revisions"}],"predecessor-version":[{"id":721,"href":"https:\/\/www.registro-asa.it\/index.php?rest_route=\/wp\/v2\/pages\/51\/revisions\/721"}],"wp:attachment":[{"href":"https:\/\/www.registro-asa.it\/index.php?rest_route=%2Fwp%2Fv2%2Fmedia&parent=51"}],"curies":[{"name":"wp","href":"https:\/\/api.w.org\/{rel}","templated":true}]}}